{"id":8,"date":"2023-10-23T08:03:44","date_gmt":"2023-10-23T11:03:44","guid":{"rendered":"http:\/\/frigorificobigboi.com.br\/2024\/?page_id=8"},"modified":"2023-10-23T11:02:21","modified_gmt":"2023-10-23T14:02:21","slug":"sobre","status":"publish","type":"page","link":"http:\/\/frigorificobigboi.com.br\/2024\/sobre\/","title":{"rendered":"Sobre"},"content":{"rendered":"<p><img loading=\"lazy\" decoding=\"async\" class=\"alignnone size-full wp-image-37\" src=\"http:\/\/frigorificobigboi.com.br\/2024\/wp-content\/uploads\/2023\/10\/big.jpg\" alt=\"\" width=\"1200\" height=\"675\" srcset=\"http:\/\/frigorificobigboi.com.br\/2024\/wp-content\/uploads\/2023\/10\/big.jpg 1200w, http:\/\/frigorificobigboi.com.br\/2024\/wp-content\/uploads\/2023\/10\/big-300x169.jpg 300w, http:\/\/frigorificobigboi.com.br\/2024\/wp-content\/uploads\/2023\/10\/big-1024x576.jpg 1024w, http:\/\/frigorificobigboi.com.br\/2024\/wp-content\/uploads\/2023\/10\/big-768x432.jpg 768w\" sizes=\"auto, (max-width: 1200px) 100vw, 1200px\" \/><\/p>\n<p>NOSSA HIST\u00d3RIA<br \/>\nO frigorifico Big Boi construiu sua marca e se consolidou como sin\u00f4nimo de credibilidade comercial, sustentabilidade e qualidade de produtos. A empresa possui um parque industrial, que atende \u00e0s mais exigentes normas internacionais de qualidade. Este padr\u00e3o de qualidade se reflete no mercado interno e v\u00e1rios pa\u00edses, oferecendo satisfa\u00e7\u00e3o e seguran\u00e7a alimentar para nossos clientes e consumidores. A empresa tem total respeito aos colaboradores, fornecedores de mat\u00e9ria prima e clientes.<\/p>\n<p>O Frigorifico BIG BOI \u00e9 uma empresa em busca constante da moderniza\u00e7\u00e3o de processos e produtos.<\/p>\n<p>MISS\u00c3O: Estar \u00e0 frente do setor, exercendo de forma segura e rent\u00e1vel a produ\u00e7\u00e3o de alimentos e subprodutos de origem animal, acompanhando as tend\u00eancias do mercado nacional e internacional, interagindo com rapidez e intelig\u00eancia nas comunidades onde atua.<\/p>\n<p>VIS\u00c3O: Ser uma empresa no segmento de produtos derivados do abate de bovinos, procurando cada vez mais credibilidade aos seus produtos, proporcionando satisfa\u00e7\u00e3o e motiva\u00e7\u00e3o a seus fornecedores, clientes e colaboradores.<\/p>\n<p>PRODUTOS: A empresa produz todos os tipos de produtos derivados do abate de bovinos, onde s\u00e3o realizados controles e estudos di\u00e1rios para assim estar cada vez mais \u00e0 frente do mercado, proporcionando melhores produtos que possam atender satisfatoriamente a todas as classes consumidoras.<\/p>\n<p>CLIENTES: Nossos principais clientes s\u00e3o: mercados, atacadistas, varejistas e pa\u00edses do MERCOSUL, \u00c1sia e Oriente m\u00e9dio.<\/p>\n","protected":false},"excerpt":{"rendered":"<p>NOSSA HIST\u00d3RIA O frigorifico Big Boi construiu sua marca e se consolidou como sin\u00f4nimo de credibilidade comercial, sustentabilidade e qualidade de produtos. A empresa possui um parque industrial, que atende \u00e0s mais exigentes normas internacionais de qualidade. Este padr\u00e3o de qualidade se reflete no mercado interno e v\u00e1rios pa\u00edses, oferecendo satisfa\u00e7\u00e3o e seguran\u00e7a alimentar para&hellip;&nbsp;<a href=\"http:\/\/frigorificobigboi.com.br\/2024\/sobre\/\" class=\"\" rel=\"bookmark\">Continue a ler &raquo;<span class=\"screen-reader-text\">Sobre<\/span><\/a><\/p>\n","protected":false},"author":1,"featured_media":37,"parent":0,"menu_order":0,"comment_status":"closed","ping_status":"closed","template":"","meta":{"neve_meta_sidebar":"","neve_meta_container":"","neve_meta_enable_content_width":"on","neve_meta_content_width":100,"neve_meta_title_alignment":"","neve_meta_author_avatar":"","neve_post_elements_order":"","neve_meta_disable_header":"","neve_meta_disable_footer":"","neve_meta_disable_title":"on","footnotes":""},"class_list":["post-8","page","type-page","status-publish","has-post-thumbnail","hentry"],"_links":{"self":[{"href":"http:\/\/frigorificobigboi.com.br\/2024\/wp-json\/wp\/v2\/pages\/8","targetHints":{"allow":["GET"]}}],"collection":[{"href":"http:\/\/frigorificobigboi.com.br\/2024\/wp-json\/wp\/v2\/pages"}],"about":[{"href":"http:\/\/frigorificobigboi.com.br\/2024\/wp-json\/wp\/v2\/types\/page"}],"author":[{"embeddable":true,"href":"http:\/\/frigorificobigboi.com.br\/2024\/wp-json\/wp\/v2\/users\/1"}],"replies":[{"embeddable":true,"href":"http:\/\/frigorificobigboi.com.br\/2024\/wp-json\/wp\/v2\/comments?post=8"}],"version-history":[{"count":5,"href":"http:\/\/frigorificobigboi.com.br\/2024\/wp-json\/wp\/v2\/pages\/8\/revisions"}],"predecessor-version":[{"id":38,"href":"http:\/\/frigorificobigboi.com.br\/2024\/wp-json\/wp\/v2\/pages\/8\/revisions\/38"}],"wp:featuredmedia":[{"embeddable":true,"href":"http:\/\/frigorificobigboi.com.br\/2024\/wp-json\/wp\/v2\/media\/37"}],"wp:attachment":[{"href":"http:\/\/frigorificobigboi.com.br\/2024\/wp-json\/wp\/v2\/media?parent=8"}],"curies":[{"name":"wp","href":"https:\/\/api.w.org\/{rel}","templated":true}]}}