{"id":7,"date":"2023-10-23T08:03:44","date_gmt":"2023-10-23T11:03:44","guid":{"rendered":"http:\/\/frigorificobigboi.com.br\/2024\/?page_id=7"},"modified":"2023-10-23T11:09:35","modified_gmt":"2023-10-23T14:09:35","slug":"pagina-inicial","status":"publish","type":"page","link":"http:\/\/frigorificobigboi.com.br\/2024\/","title":{"rendered":"P\u00e1gina Inicial"},"content":{"rendered":"\r\n<div class=\"wp-block-columns\">\r\n<div class=\"wp-block-column is-layout-flow wp-block-column-is-layout-flow\"><div class=\"wp-block-image icon-style is-style-default\">\r\n<figure class=\"aligncenter is-resized\"><img decoding=\"async\" style=\"width: 48px; height: 48px;\" src=\"http:\/\/frigorificobigboi.com.br\/2024\/wp-content\/themes\/neve\/assets\/img\/starter-content\/icon-03.svg\" alt=\"\" \/><\/figure>\r\n<\/div>\r\n\r\n\r\n<div class=\"wp-block-spacer\" style=\"height: 20px;\" aria-hidden=\"true\">\u00a0<\/div>\r\n\r\n\r\n\r\n<h3 class=\"wp-block-heading has-text-align-center has-neve-text-color-color has-text-color\">Meio Ambiente<\/h3>\r\n\r\n\r\n\r\n<p class=\"has-text-align-center\">N\u00f3s cuidamos da Natureza. Empresa amiga do Meio Ambiente.<\/p>\r\n\r\n\r\n\r\n<div class=\"wp-block-spacer\" style=\"height: 20px;\" aria-hidden=\"true\">\u00a0<\/div>\r\n<\/div>\r\n\r\n\r\n\r\n<div class=\"wp-block-column is-layout-flow wp-block-column-is-layout-flow\"><div class=\"wp-block-image icon-style is-style-default\">\r\n<figure class=\"aligncenter is-resized\"><img decoding=\"async\" style=\"width: 48px; height: 48px;\" src=\"http:\/\/frigorificobigboi.com.br\/2024\/wp-content\/themes\/neve\/assets\/img\/starter-content\/icon-02.svg\" alt=\"\" \/><\/figure>\r\n<\/div>\r\n\r\n\r\n<div class=\"wp-block-spacer\" style=\"height: 20px;\" aria-hidden=\"true\">\u00a0<\/div>\r\n\r\n\r\n\r\n<h3 class=\"wp-block-heading has-text-align-center has-neve-text-color-color has-text-color\">Qualidade nos Servi\u00e7os<\/h3>\r\n\r\n\r\n\r\n<p class=\"has-text-align-center\">Somos especialistas em carnes nobres para o Brasil e o mundo.<\/p>\r\n\r\n\r\n\r\n<div class=\"wp-block-spacer\" style=\"height: 20px;\" aria-hidden=\"true\">\u00a0<\/div>\r\n<\/div>\r\n\r\n\r\n\r\n<div class=\"wp-block-column is-layout-flow wp-block-column-is-layout-flow\"><div class=\"wp-block-image icon-style is-style-rounded\">\r\n<figure class=\"aligncenter is-resized\"><img decoding=\"async\" style=\"width: 48px; height: 48px;\" src=\"http:\/\/frigorificobigboi.com.br\/2024\/wp-content\/themes\/neve\/assets\/img\/starter-content\/icon-01.svg\" alt=\"\" \/><\/figure>\r\n<\/div>\r\n\r\n\r\n<div class=\"wp-block-spacer\" style=\"height: 20px;\" aria-hidden=\"true\">\u00a0<\/div>\r\n\r\n\r\n\r\n<h3 class=\"wp-block-heading has-text-align-center has-neve-text-color-color has-text-color\">Efici\u00eancia e Qualidade<\/h3>\r\n\r\n\r\n\r\n<p class=\"has-text-align-center\">Equipe altamente capacitada para cumprir prazos em todo o mundo.<\/p>\r\n\r\n\r\n<!-- \/wp:columns --><!-- wp:post-content --><!-- wp:cover {\"url\":\"http:\/\/frigorificobigboi.com.br\/2024\/wp-content\/themes\/neve\/assets\/img\/starter-content\/hero.jpg\",\"dimRatio\":0,\"focalPoint\":{\"x\":0.440000000000000002220446049250313080847263336181640625,\"y\":0.61999999999999999555910790149937383830547332763671875},\"minHeight\":700,\"isDark\":false,\"align\":\"full\"} -->\r\n<div class=\"wp-block-cover alignfull is-light\" style=\"min-height: 700px;\"><img decoding=\"async\" class=\"wp-block-cover__image-background\" style=\"object-position: 44% 62%;\" src=\"http:\/\/frigorificobigboi.com.br\/2024\/wp-content\/uploads\/2023\/10\/gado.jpg\" alt=\"\" data-object-fit=\"cover\" data-object-position=\"44% 62%\" \/>\r\n<div class=\"wp-block-cover__inner-container\"><!-- wp:spacer {\"height\":\"80px\"} -->\r\n<div class=\"wp-block-spacer\" style=\"height: 80px;\" aria-hidden=\"true\">\u00a0<\/div>\r\n<!-- \/wp:spacer -->\r\n\r\n<!-- wp:heading {\"textAlign\":\"center\",\"level\":1,\"style\":{\"color\":{\"text\":\"#121212\"}}} -->\r\n<h1 class=\"wp-block-heading has-text-align-center has-text-color\" style=\"color: #121212;\">Tradi\u00e7\u00e3o e Qualidade<\/h1>\r\n<!-- \/wp:heading -->\r\n\r\n<!-- wp:paragraph {\"align\":\"center\",\"style\":{\"color\":{\"text\":\"#121212\"},\"typography\":{\"fontSize\":\"17px\"}}} -->\r\n<p class=\"has-text-align-center has-text-color\" style=\"color: #121212; font-size: 17px;\">Atendemos Brasil e Mundo.<\/p>\r\n<!-- \/wp:paragraph -->\r\n\r\n<!-- wp:spacer {\"height\":\"80px\"} -->\r\n<div class=\"wp-block-spacer\" style=\"height: 80px;\" aria-hidden=\"true\">\u00a0<\/div>\r\n<!-- \/wp:spacer -->\r\n\r\n<!-- wp:spacer {\"height\":\"80px\"} -->\r\n<div class=\"wp-block-spacer\" style=\"height: 80px;\" aria-hidden=\"true\">\u00a0<\/div>\r\n<!-- \/wp:spacer -->\r\n\r\n<!-- wp:paragraph -->\r\n<p>&nbsp;<\/p>\r\n<!-- \/wp:paragraph --><\/div>\r\n<\/div>\r\n<!-- \/wp:cover -->\r\n\r\n<!-- wp:spacer {\"height\":\"80px\"} -->\r\n<div class=\"wp-block-spacer\" style=\"height: 80px;\" aria-hidden=\"true\">\u00a0<\/div>\r\n<!-- \/wp:spacer -->\r\n\r\n<!-- wp:columns -->\r\n<div class=\"wp-block-columns\"><!-- wp:column -->\r\n<div class=\"wp-block-column\"><!-- wp:image {\"align\":\"center\",\"width\":48,\"height\":48,\"className\":\"icon-style is-style-default\"} -->\r\n<figure class=\"wp-block-image aligncenter is-resized icon-style is-style-default\"><img decoding=\"async\" style=\"width: 48px; height: 48px;\" src=\"http:\/\/frigorificobigboi.com.br\/2024\/wp-content\/themes\/neve\/assets\/img\/starter-content\/icon-03.svg\" alt=\"\" \/><\/figure>\r\n<!-- \/wp:image -->\r\n\r\n<!-- wp:spacer {\"height\":\"20px\"} -->\r\n<div class=\"wp-block-spacer\" style=\"height: 20px;\" aria-hidden=\"true\">\u00a0<\/div>\r\n<!-- \/wp:spacer -->\r\n\r\n<!-- wp:heading {\"level\":3,\"textColor\":\"neve-text-color\",\"className\":\"has-text-align-center\"} -->\r\n<h3 class=\"wp-block-heading has-text-align-center has-neve-text-color-color has-text-color\">Meio Ambiente<\/h3>\r\n<!-- \/wp:heading -->\r\n\r\n<!-- wp:paragraph {\"align\":\"center\"} -->\r\n<p class=\"has-text-align-center\">N\u00f3s cuidamos da Natureza. Empresa amiga do Meio Ambiente.<\/p>\r\n<!-- \/wp:paragraph -->\r\n\r\n<!-- wp:spacer {\"height\":\"20px\"} -->\r\n<div class=\"wp-block-spacer\" style=\"height: 20px;\" aria-hidden=\"true\">\u00a0<\/div>\r\n<!-- \/wp:spacer --><\/div>\r\n<!-- \/wp:column -->\r\n\r\n<!-- wp:column -->\r\n<div class=\"wp-block-column\"><!-- wp:image {\"align\":\"center\",\"width\":48,\"height\":48,\"className\":\"icon-style is-style-default\"} -->\r\n<figure class=\"wp-block-image aligncenter is-resized icon-style is-style-default\"><img decoding=\"async\" style=\"width: 48px; height: 48px;\" src=\"http:\/\/frigorificobigboi.com.br\/2024\/wp-content\/themes\/neve\/assets\/img\/starter-content\/icon-02.svg\" alt=\"\" \/><\/figure>\r\n<!-- \/wp:image -->\r\n\r\n<!-- wp:spacer {\"height\":\"20px\"} -->\r\n<div class=\"wp-block-spacer\" style=\"height: 20px;\" aria-hidden=\"true\">\u00a0<\/div>\r\n<!-- \/wp:spacer -->\r\n\r\n<!-- wp:heading {\"level\":3,\"textColor\":\"neve-text-color\",\"className\":\"has-text-align-center\"} -->\r\n<h3 class=\"wp-block-heading has-text-align-center has-neve-text-color-color has-text-color\">Qualidade nos Servi\u00e7os<\/h3>\r\n<!-- \/wp:heading -->\r\n\r\n<!-- wp:paragraph {\"align\":\"center\"} -->\r\n<p class=\"has-text-align-center\">Somos especialistas em carnes nobres para o Brasil e o mundo.<\/p>\r\n<!-- \/wp:paragraph -->\r\n\r\n<!-- wp:spacer {\"height\":\"20px\"} -->\r\n<div class=\"wp-block-spacer\" style=\"height: 20px;\" aria-hidden=\"true\">\u00a0<\/div>\r\n<!-- \/wp:spacer --><\/div>\r\n<!-- \/wp:column -->\r\n\r\n<!-- wp:column -->\r\n<div class=\"wp-block-column\"><!-- wp:image {\"align\":\"center\",\"width\":48,\"height\":48,\"className\":\"icon-style is-style-rounded\"} -->\r\n<figure class=\"wp-block-image aligncenter is-resized icon-style is-style-rounded\"><img decoding=\"async\" style=\"width: 48px; height: 48px;\" src=\"http:\/\/frigorificobigboi.com.br\/2024\/wp-content\/themes\/neve\/assets\/img\/starter-content\/icon-01.svg\" alt=\"\" \/><\/figure>\r\n<!-- \/wp:image -->\r\n\r\n<!-- wp:spacer {\"height\":\"20px\"} -->\r\n<div class=\"wp-block-spacer\" style=\"height: 20px;\" aria-hidden=\"true\">\u00a0<\/div>\r\n<!-- \/wp:spacer -->\r\n\r\n<!-- wp:heading {\"level\":3,\"textColor\":\"neve-text-color\",\"className\":\"has-text-align-center\"} -->\r\n<h3 class=\"wp-block-heading has-text-align-center has-neve-text-color-color has-text-color\">Efici\u00eancia e Qualidade<\/h3>\r\n<!-- \/wp:heading -->\r\n\r\n<!-- wp:paragraph {\"align\":\"center\"} -->\r\n<p class=\"has-text-align-center\">Equipe altamente capacitada para cumprir prazos em todo o mundo.<\/p>\r\n<!-- \/wp:paragraph -->\r\n\r\n<!-- \/wp:post-content -->","protected":false},"excerpt":{"rendered":"<p>Efici\u00eancia e Qualidade Equipe altamente capacitada para cumprir prazos em todo o mundo. Meio Ambiente N\u00f3s cuidamos da Natureza. Empresa amiga do Meio Ambiente. Qualidade nos Servi\u00e7os Somos especialistas em carnes nobres para o Brasil e o mundo.<\/p>\n","protected":false},"author":1,"featured_media":0,"parent":0,"menu_order":0,"comment_status":"closed","ping_status":"closed","template":"","meta":{"neve_meta_sidebar":"","neve_meta_container":"","neve_meta_enable_content_width":"on","neve_meta_content_width":100,"neve_meta_title_alignment":"","neve_meta_author_avatar":"","neve_post_elements_order":"","neve_meta_disable_header":"","neve_meta_disable_footer":"","neve_meta_disable_title":"on","footnotes":""},"class_list":["post-7","page","type-page","status-publish","hentry"],"_links":{"self":[{"href":"http:\/\/frigorificobigboi.com.br\/2024\/wp-json\/wp\/v2\/pages\/7","targetHints":{"allow":["GET"]}}],"collection":[{"href":"http:\/\/frigorificobigboi.com.br\/2024\/wp-json\/wp\/v2\/pages"}],"about":[{"href":"http:\/\/frigorificobigboi.com.br\/2024\/wp-json\/wp\/v2\/types\/page"}],"author":[{"embeddable":true,"href":"http:\/\/frigorificobigboi.com.br\/2024\/wp-json\/wp\/v2\/users\/1"}],"replies":[{"embeddable":true,"href":"http:\/\/frigorificobigboi.com.br\/2024\/wp-json\/wp\/v2\/comments?post=7"}],"version-history":[{"count":7,"href":"http:\/\/frigorificobigboi.com.br\/2024\/wp-json\/wp\/v2\/pages\/7\/revisions"}],"predecessor-version":[{"id":41,"href":"http:\/\/frigorificobigboi.com.br\/2024\/wp-json\/wp\/v2\/pages\/7\/revisions\/41"}],"wp:attachment":[{"href":"http:\/\/frigorificobigboi.com.br\/2024\/wp-json\/wp\/v2\/media?parent=7"}],"curies":[{"name":"wp","href":"https:\/\/api.w.org\/{rel}","templated":true}]}}